{"id":666,"date":"2021-08-29T16:49:25","date_gmt":"2021-08-29T16:49:25","guid":{"rendered":"http:\/\/aivonswp.pixydrops.com\/?page_id=23"},"modified":"2025-04-25T17:17:53","modified_gmt":"2025-04-25T17:17:53","slug":"nosotros","status":"publish","type":"page","link":"https:\/\/serdirec.com\/?page_id=666","title":{"rendered":"Nosotros"},"content":{"rendered":"\t\t<div data-elementor-type=\"wp-page\" data-elementor-id=\"666\" class=\"elementor elementor-666\">\n\t\t\t\t\t\t<section class=\"elementor-section elementor-top-section elementor-element elementor-element-c8c3fa8 elementor-section-full_width elementor-section-height-default elementor-section-height-default\" data-id=\"c8c3fa8\" data-element_type=\"section\">\n\t\t\t\t\t\t\t<div class=\"elementor-background-overlay\"><\/div>\n\t\t\t\t\t\t\t<div class=\"elementor-container elementor-column-gap-no\">\n\t\t\t\t\t<div class=\"elementor-column elementor-col-100 elementor-top-column elementor-element elementor-element-d1c6be7\" data-id=\"d1c6be7\" data-element_type=\"column\">\n\t\t\t<div class=\"elementor-widget-wrap elementor-element-populated\">\n\t\t\t\t\t\t<div class=\"elementor-element elementor-element-471e4f0 elementor-widget elementor-widget-aivons-about\" data-id=\"471e4f0\" data-element_type=\"widget\" data-widget_type=\"aivons-about.default\">\n\t\t\t\t<div class=\"elementor-widget-container\">\n\t\t\t\t\t\t<!--About Start-->\r\n\t<section class=\"about\">\r\n\t\t<div class=\"container\">\r\n\t\t\t<div class=\"row\">\r\n\t\t\t\t\t\t\t\t\t<div class=\"col-xl-6 col-lg-6\">\r\n\t\t\t\t\t\t<div class=\"about__img-box\">\r\n\t\t\t\t\t\t\t<div class=\"about-img\">\r\n\t\t\t\t\t\t\t\t<img decoding=\"async\" src=\"https:\/\/web01.sportbetec.com\/wp-content\/uploads\/2025\/03\/Comprometidos-con-tu-crecimiento-y-extio.jpg\" alt=\"\">\r\n\t\t\t\t\t\t\t<\/div>\r\n\t\t\t\t\t\t<\/div>\r\n\t\t\t\t\t<\/div>\r\n\t\t\t\t\t\t\t\t<div class=\"col-xl-6 col-lg-6\">\r\n\t\t\t\t\t<div class=\"about__right\">\r\n\t\t\t\t\t\t\t\t\t\t\t\t\t<h2 class=\"about__title\">Comprometidos con tu Crecimiento y \u00c9xito<br><\/h2>\r\n\t\t\t\t\t\t\t\t\t\t\t\t\t\t\t\t\t\t\t<div class=\"about__icon-box\">\r\n\t\t\t\t\t\t\t\t<div class=\"about__icon\">\r\n\t\t\t\t\t\t\t\t\t<span class=\"far fa-user-circle\"><\/span>\r\n\t\t\t\t\t\t\t\t<\/div>\r\n\t\t\t\t\t\t\t\t<div class=\"about__icon-text\">\r\n\t\t\t\t\t\t\t\t\t<p>Mensaje de prueba<\/p>\r\n\t\t\t\t\t\t\t\t<\/div>\r\n\t\t\t\t\t\t\t<\/div>\r\n\t\t\t\t\t\t\t\t\t\t\t\t\t\t\t\t\t\t\t<p class=\"about__right-text\">En [Nombre de tu Call Center], somos un equipo de especialistas en atenci\u00f3n al cliente, ventas y estrategias comerciales. Nuestra misi\u00f3n es ayudar a empresas a mejorar su comunicaci\u00f3n con clientes, aumentar sus ventas y optimizar su servicio de atenci\u00f3n.\n\nCon tecnolog\u00eda avanzada y un enfoque personalizado, garantizamos interacciones eficientes y resultados medibles para tu negocio.<\/p>\r\n\t\t\t\t\t\t\t\t\t\t\t\t\t\t\t\t\t\t\t<div class=\"listen__progress-wrap\">\r\n\t\t\t\t\t\t\t\t\t\t\t\t\t\t\t\t\t<div class=\"listen__progress\">\r\n\t\t\t\t\t\t\t\t\t\t<div class=\"listen__progress-box\">\r\n\t\t\t\t\t\t\t\t\t\t\t<div class=\"circle-progress\" data-options='{ \"value\": 0.9,\"thickness\": 3,\"emptyFill\": \"#f2f4f8\",\"lineCap\": \"square\", \"size\": 112, \"fill\": { \"color\": \"#3c72fc\" } }'>\r\n\t\t\t\t\t\t\t\t\t\t\t<\/div><!-- \/.circle-progress -->\r\n\t\t\t\t\t\t\t\t\t\t\t<span>%<\/span>\r\n\t\t\t\t\t\t\t\t\t\t<\/div>\r\n\t\t\t\t\t\t\t\t\t\t<div class=\"listen__progress-content\">\r\n\t\t\t\t\t\t\t\t\t\t\t<h3>\n<\/h3>\r\n\t\t\t\t\t\t\t\t\t\t<\/div>\r\n\t\t\t\t\t\t\t\t\t<\/div>\r\n\t\t\t\t\t\t\t\t\t\t\t\t\t\t\t<\/div>\r\n\t\t\t\t\t\t\t\t\t\t\t\t\t\t\t\t\t\t\t<div class=\"about__phone-contact\">\r\n\t\t\t\t\t\t\t\t<div class=\"about__phone-contact-icon\">\r\n\t\t\t\t\t\t\t\t\t<span class=\"icon-phone-ringing\"><\/span>\r\n\t\t\t\t\t\t\t\t<\/div>\r\n\t\t\t\t\t\t\t\t<div class=\"about__phone-contact-text\">\r\n\t\t\t\t\t\t\t\t\t<p>Brinda una atenci\u00f3n excepcional con nuestro Call Center. \u00a1Cont\u00e1ctanos hoy! <\/p>\r\n\t\t\t\t\t\t\t\t\t<a href=\"tel:(+593)-9-8929-2641\">(+593) 9 8929 2641<\/a>\r\n\t\t\t\t\t\t\t\t<\/div>\r\n\t\t\t\t\t\t\t<\/div>\r\n\t\t\t\t\t\t\t\t\t\t\t<\/div>\r\n\t\t\t\t<\/div>\r\n\t\t\t<\/div>\r\n\t\t<\/div>\r\n\t<\/section>\r\n\t<!--About End-->\r\n\r\n\t\t\t\t<\/div>\n\t\t\t\t<\/div>\n\t\t\t\t\t<\/div>\n\t\t<\/div>\n\t\t\t\t\t<\/div>\n\t\t<\/section>\n\t\t\t\t<section class=\"elementor-section elementor-top-section elementor-element elementor-element-fae0ccc elementor-section-full_width elementor-section-height-default elementor-section-height-default\" data-id=\"fae0ccc\" data-element_type=\"section\">\n\t\t\t\t\t\t<div class=\"elementor-container elementor-column-gap-no\">\n\t\t\t\t\t<div class=\"elementor-column elementor-col-100 elementor-top-column elementor-element elementor-element-104892d\" data-id=\"104892d\" data-element_type=\"column\">\n\t\t\t<div class=\"elementor-widget-wrap elementor-element-populated\">\n\t\t\t\t\t\t<div class=\"elementor-element elementor-element-72fe8fb elementor-widget elementor-widget-aivons-testimonials\" data-id=\"72fe8fb\" data-element_type=\"widget\" data-widget_type=\"aivons-testimonials.default\">\n\t\t\t\t<div class=\"elementor-widget-container\">\n\t\t\t\t\t\r\n\t <!--Testimonials One Start-->\r\n\t <section class=\"testimonials-one\">\r\n            <div class=\"container\">\r\n                <div class=\"row\">\r\n\t\t\t\t\t\t\t\t\t\t\t<div class=\"col-xl-4\">\r\n\t\t\t\t\t\t\t<div class=\"testimonials-one__left\">\r\n\t\t\t\t\t\t\t\t<div class=\"section-title text-left\">\r\n\t\t\t\t\t\t\t\t\t\t\t\t\t\t\t\t\t\t\t<h2 class=\"section-title__title\">Testimonios de Nuestros Clientes<\/h2>\r\n\t\t\t\t\t\t\t\t\t\t\t\t\t\t\t\t\t\t\t\t\t\t\t\t\t\t<\/div>\r\n\t\t\t\t\t\t\t<\/div>\r\n\t\t\t\t\t\t<\/div>\r\n\t\t\t\t\t\t                    <div class=\"col-xl-8\">\r\n                        <div class=\"testimonials-one__right\">\r\n                            <div class=\"testimonials-one__carousel owl-theme owl-carousel\">\r\n\t\t\t\t\t\t\t\t\t\t\t\t\t\t\t\t\t\t\t\t\t\t\t\t\t\t\t\t\t\t\t\t<!--Testimonials One Single-->\r\n\t\t\t\t\t\t\t\t\t<div class=\"testimonials-one__single\">\r\n\t\t\t\t\t\t\t\t\t\t<p class=\"testimonials-one__text\">\r\n\t\t\t\t\t\t\t\t\t\tLa investigaci\u00f3n de mercado y encuestas realizadas por su equipo nos han dado informaci\u00f3n clave para mejorar nuestras estrategias.\t\t\t\t\t\t\t\t\t\t<\/p>\r\n\t\t\t\t\t\t\t\t\t\t<div class=\"testimonials-one__client-info\">\r\n\t\t\t\t\t\t\t\t\t\t\t<h5 class=\"testimonials-one__client-name\">Ana G<\/h5>\r\n\t\t\t\t\t\t\t\t\t\t\t<p class=\"testimonials-one__client-title\">Directora de Marketing<\/p>\r\n\t\t\t\t\t\t\t\t\t\t<\/div>\r\n\t\t\t\t\t\t\t\t\t\t<div class=\"testimonials-one__client-img\">\r\n\t\t\t\t\t\t\t\t\t\t\t<img decoding=\"async\" width=\"77\" height=\"77\" src=\"https:\/\/serdirec.com\/wp-content\/uploads\/2021\/09\/testi-1-5-77x77.jpg\" class=\"attachment-aivons_testimonials_77X77 size-aivons_testimonials_77X77 wp-post-image\" alt=\"\" srcset=\"https:\/\/serdirec.com\/wp-content\/uploads\/2021\/09\/testi-1-5-77x77.jpg 77w, https:\/\/serdirec.com\/wp-content\/uploads\/2021\/09\/testi-1-5-92x92.jpg 92w, https:\/\/serdirec.com\/wp-content\/uploads\/2021\/09\/testi-1-5.jpg 100w\" sizes=\"(max-width: 77px) 100vw, 77px\" \/>\t\t\t\t\t\t\t\t\t\t<\/div>\r\n\t\t\t\t\t\t\t\t\t\t<div class=\"testimonials-one__quote\"><\/div>\r\n\t\t\t\t\t\t\t\t\t<\/div>\r\n\t\t\t\t\t\t\t\t\t\t\t\t\t\t\t\t\t\t\t\t\t\t\t\t\t<!--Testimonials One Single-->\r\n\t\t\t\t\t\t\t\t\t<div class=\"testimonials-one__single\">\r\n\t\t\t\t\t\t\t\t\t\t<p class=\"testimonials-one__text\">\r\n\t\t\t\t\t\t\t\t\t\tExternalizar nuestra atenci\u00f3n al cliente fue la mejor decisi\u00f3n. Ahora nuestros clientes reciben respuestas r\u00e1pidas y efectivas, lo que ha mejorado su satisfacci\u00f3n.\t\t\t\t\t\t\t\t\t\t<\/p>\r\n\t\t\t\t\t\t\t\t\t\t<div class=\"testimonials-one__client-info\">\r\n\t\t\t\t\t\t\t\t\t\t\t<h5 class=\"testimonials-one__client-name\">Luis R.<\/h5>\r\n\t\t\t\t\t\t\t\t\t\t\t<p class=\"testimonials-one__client-title\">CEO de Ecommerce<\/p>\r\n\t\t\t\t\t\t\t\t\t\t<\/div>\r\n\t\t\t\t\t\t\t\t\t\t<div class=\"testimonials-one__client-img\">\r\n\t\t\t\t\t\t\t\t\t\t\t<img decoding=\"async\" width=\"77\" height=\"77\" src=\"https:\/\/serdirec.com\/wp-content\/uploads\/2021\/09\/testi-1-4-77x77.jpg\" class=\"attachment-aivons_testimonials_77X77 size-aivons_testimonials_77X77 wp-post-image\" alt=\"\" srcset=\"https:\/\/serdirec.com\/wp-content\/uploads\/2021\/09\/testi-1-4-77x77.jpg 77w, https:\/\/serdirec.com\/wp-content\/uploads\/2021\/09\/testi-1-4-92x92.jpg 92w, https:\/\/serdirec.com\/wp-content\/uploads\/2021\/09\/testi-1-4.jpg 100w\" sizes=\"(max-width: 77px) 100vw, 77px\" \/>\t\t\t\t\t\t\t\t\t\t<\/div>\r\n\t\t\t\t\t\t\t\t\t\t<div class=\"testimonials-one__quote\"><\/div>\r\n\t\t\t\t\t\t\t\t\t<\/div>\r\n\t\t\t\t\t\t\t\t\t\t\t\t\t\t\t\t\t\t\t\t\t\t\t\t\t<!--Testimonials One Single-->\r\n\t\t\t\t\t\t\t\t\t<div class=\"testimonials-one__single\">\r\n\t\t\t\t\t\t\t\t\t\t<p class=\"testimonials-one__text\">\r\n\t\t\t\t\t\t\t\t\t\tGracias a este Call Center, nuestras ventas han aumentado un 35%. Su equipo es altamente profesional y ha logrado captar clientes de manera\t\t\t\t\t\t\t\t\t\t<\/p>\r\n\t\t\t\t\t\t\t\t\t\t<div class=\"testimonials-one__client-info\">\r\n\t\t\t\t\t\t\t\t\t\t\t<h5 class=\"testimonials-one__client-name\">Carlos M.<\/h5>\r\n\t\t\t\t\t\t\t\t\t\t\t<p class=\"testimonials-one__client-title\">Gerente de Ventas<\/p>\r\n\t\t\t\t\t\t\t\t\t\t<\/div>\r\n\t\t\t\t\t\t\t\t\t\t<div class=\"testimonials-one__client-img\">\r\n\t\t\t\t\t\t\t\t\t\t\t<img decoding=\"async\" width=\"77\" height=\"77\" src=\"https:\/\/serdirec.com\/wp-content\/uploads\/2021\/09\/testi-1-6-77x77.jpg\" class=\"attachment-aivons_testimonials_77X77 size-aivons_testimonials_77X77 wp-post-image\" alt=\"\" srcset=\"https:\/\/serdirec.com\/wp-content\/uploads\/2021\/09\/testi-1-6-77x77.jpg 77w, https:\/\/serdirec.com\/wp-content\/uploads\/2021\/09\/testi-1-6-92x92.jpg 92w, https:\/\/serdirec.com\/wp-content\/uploads\/2021\/09\/testi-1-6.jpg 100w\" sizes=\"(max-width: 77px) 100vw, 77px\" \/>\t\t\t\t\t\t\t\t\t\t<\/div>\r\n\t\t\t\t\t\t\t\t\t\t<div class=\"testimonials-one__quote\"><\/div>\r\n\t\t\t\t\t\t\t\t\t<\/div>\r\n\t\t\t\t\t\t\t\t\t\t\t\t\t\t\t\t                            <\/div>\r\n                        <\/div>\r\n                    <\/div>\r\n                <\/div>\r\n            <\/div>\r\n        <\/section>\r\n        <!--Testimonials One End-->\r\n\r\n\t\t\t\t<\/div>\n\t\t\t\t<\/div>\n\t\t\t\t\t<\/div>\n\t\t<\/div>\n\t\t\t\t\t<\/div>\n\t\t<\/section>\n\t\t<div class=\"elementor-element elementor-element-d1caab1 e-con-full e-flex e-con e-parent\" data-id=\"d1caab1\" data-element_type=\"container\" data-settings=\"{&quot;background_background&quot;:&quot;classic&quot;}\">\n\t\t<div class=\"elementor-element elementor-element-a374d3c e-con-full e-flex e-con e-child\" data-id=\"a374d3c\" data-element_type=\"container\">\n\t\t\t\t<div class=\"elementor-element elementor-element-971d431 elementor-widget elementor-widget-heading\" data-id=\"971d431\" data-element_type=\"widget\" data-widget_type=\"heading.default\">\n\t\t\t\t<div class=\"elementor-widget-container\">\n\t\t\t\t\t<h2 class=\"elementor-heading-title elementor-size-default\">Formulario de Contacto\n<\/h2>\t\t\t\t<\/div>\n\t\t\t\t<\/div>\n\t\t\t\t<div class=\"elementor-element elementor-element-f028244 elementor-widget elementor-widget-text-editor\" data-id=\"f028244\" data-element_type=\"widget\" data-widget_type=\"text-editor.default\">\n\t\t\t\t<div class=\"elementor-widget-container\">\n\t\t\t\t\t\t\t\t\t<p>Completa el formulario y nuestro equipo especializado te contactar\u00e1 para brindarte una asesor\u00eda personalizada.<\/p>\t\t\t\t\t\t\t\t<\/div>\n\t\t\t\t<\/div>\n\t\t\t\t<div class=\"elementor-element elementor-element-189b9e3 elementor-widget elementor-widget-wpforms\" data-id=\"189b9e3\" data-element_type=\"widget\" data-widget_type=\"wpforms.default\">\n\t\t\t\t<div class=\"elementor-widget-container\">\n\t\t\t\t\t<div class=\"wpforms-container wpforms-container-full\" id=\"wpforms-862\"><form id=\"wpforms-form-862\" class=\"wpforms-validate wpforms-form wpforms-ajax-form\" data-formid=\"862\" method=\"post\" enctype=\"multipart\/form-data\" action=\"\/index.php?rest_route=%2Fwp%2Fv2%2Fpages%2F666\" data-token=\"df61390b27d126a77b8dc77f39098f3b\"><noscript class=\"wpforms-error-noscript\">Por favor, activa JavaScript en tu navegador para completar este formulario.<\/noscript><div class=\"wpforms-field-container\"><div id=\"wpforms-862-field_0-container\" class=\"wpforms-field wpforms-field-name\" data-field-id=\"0\"><label class=\"wpforms-field-label\" for=\"wpforms-862-field_0\">Nombre y Apellido <span class=\"wpforms-required-label\">*<\/span><\/label><input type=\"text\" id=\"wpforms-862-field_0\" class=\"wpforms-field-large wpforms-field-required\" name=\"wpforms[fields][0]\" required><\/div><div id=\"wpforms-862-field_1-container\" class=\"wpforms-field wpforms-field-email\" data-field-id=\"1\"><label class=\"wpforms-field-label\" for=\"wpforms-862-field_1\">Correo electr\u00f3nico <span class=\"wpforms-required-label\">*<\/span><\/label><input type=\"email\" id=\"wpforms-862-field_1\" class=\"wpforms-field-large wpforms-field-required\" name=\"wpforms[fields][1]\" required><\/div><div id=\"wpforms-862-field_3-container\" class=\"wpforms-field wpforms-field-phone\" data-field-id=\"3\"><label class=\"wpforms-field-label\" for=\"wpforms-862-field_3\">Tel\u00e9fono<\/label><input type=\"tel\" id=\"wpforms-862-field_3\" class=\"wpforms-field-large wpforms-smart-phone-field\" data-rule-smart-phone-field=\"true\" name=\"wpforms[fields][3]\" ><\/div><div id=\"wpforms-862-field_2-container\" class=\"wpforms-field wpforms-field-textarea\" data-field-id=\"2\"><label class=\"wpforms-field-label\" for=\"wpforms-862-field_2\">Escribe tus comentarios <\/label><textarea id=\"wpforms-862-field_2\" class=\"wpforms-field-medium\" name=\"wpforms[fields][2]\" ><\/textarea><\/div><\/div><div class=\"wpforms-submit-container\"><input type=\"hidden\" name=\"wpforms[id]\" value=\"862\"><input type=\"hidden\" name=\"wpforms[author]\" value=\"1\"><button type=\"submit\" name=\"wpforms[submit]\" id=\"wpforms-submit-862\" class=\"wpforms-submit\" data-alt-text=\"Enviando...\" data-submit-text=\"Enviar\" aria-live=\"assertive\" value=\"wpforms-submit\">Enviar<\/button><img loading=\"lazy\" decoding=\"async\" src=\"https:\/\/serdirec.com\/wp-content\/plugins\/wpforms\/assets\/images\/submit-spin.svg\" class=\"wpforms-submit-spinner\" style=\"display: none;\" width=\"26\" height=\"26\" alt=\"Cargando\"><\/div><\/form><\/div>  <!-- .wpforms-container -->\t\t\t\t<\/div>\n\t\t\t\t<\/div>\n\t\t\t\t<\/div>\n\t\t<div class=\"elementor-element elementor-element-2e4614b e-con-full e-flex e-con e-child\" data-id=\"2e4614b\" data-element_type=\"container\">\n\t\t\t\t<div class=\"elementor-element elementor-element-6ec76ac elementor-widget elementor-widget-google_maps\" data-id=\"6ec76ac\" data-element_type=\"widget\" data-widget_type=\"google_maps.default\">\n\t\t\t\t<div class=\"elementor-widget-container\">\n\t\t\t\t\t\t\t<div class=\"elementor-custom-embed\">\n\t\t\t<iframe loading=\"lazy\"\n\t\t\t\t\tsrc=\"https:\/\/maps.google.com\/maps?q=Las%20Terrazas%2C%20duran&#038;t=m&#038;z=10&#038;output=embed&#038;iwloc=near\"\n\t\t\t\t\ttitle=\"Las Terrazas, duran\"\n\t\t\t\t\taria-label=\"Las Terrazas, duran\"\n\t\t\t><\/iframe>\n\t\t<\/div>\n\t\t\t\t\t\t<\/div>\n\t\t\t\t<\/div>\n\t\t\t\t<\/div>\n\t\t\t\t<\/div>\n\t\t\t\t<section class=\"elementor-section elementor-top-section elementor-element elementor-element-f77fe58 elementor-section-full_width elementor-section-height-default elementor-section-height-default\" data-id=\"f77fe58\" data-element_type=\"section\">\n\t\t\t\t\t\t<div class=\"elementor-container elementor-column-gap-no\">\n\t\t\t\t\t<div class=\"elementor-column elementor-col-100 elementor-top-column elementor-element elementor-element-16c1c19\" data-id=\"16c1c19\" data-element_type=\"column\">\n\t\t\t<div class=\"elementor-widget-wrap elementor-element-populated\">\n\t\t\t\t\t\t<div class=\"elementor-element elementor-element-de309a4 elementor-widget elementor-widget-aivons-call-to-action\" data-id=\"de309a4\" data-element_type=\"widget\" data-widget_type=\"aivons-call-to-action.default\">\n\t\t\t\t<div class=\"elementor-widget-container\">\n\t\t\t\t\t        <!--CTA Two Start-->\r\n        <section class=\"cta-two\">\r\n                    <div class=\"cta-two-bg\" style=\"background-image: url(https:\/\/web01.sportbetec.com\/wp-content\/uploads\/2025\/03\/Haz-crecer-tu-negocio-call-center.jpg)\"><\/div>\r\n                    <div class=\"cta-two-bg-overly\"><\/div>\r\n            <div class=\"container\">\r\n                <div class=\"row\">\r\n                    <div class=\"col-xl-12\">\r\n                        <div class=\"cta-two__inner\">\r\n                                                            <h2 class=\"cta-two__title\">Haz crecer tu negocio con nuestro Call Center<\/h2>\r\n                                                                                        <p class=\"cta-two__text\">Impulsa tus ventas, fideliza a tus clientes y optimiza tu servicio con nuestra ayuda.<\/p>\r\n                                                        <ul class=\"list-unstyled cta-two__icon-box\">\r\n                                                                    <li>\r\n                                        <a href=\"#\">\r\n                                            <div class=\"cta-two__icon\">\r\n                                                <span class=\" icon-consulting-1\"><\/span>\r\n                                            <\/div> \r\n                                        <\/a>\r\n                                    <\/li>\r\n                                                            <\/ul>\r\n                        <\/div>\r\n                    <\/div>\r\n                <\/div>\r\n            <\/div>\r\n        <\/section>\r\n        <!--CTA Two End-->\r\n\t\t\t\t<\/div>\n\t\t\t\t<\/div>\n\t\t\t\t\t<\/div>\n\t\t<\/div>\n\t\t\t\t\t<\/div>\n\t\t<\/section>\n\t\t\t\t<\/div>\n\t\t","protected":false},"excerpt":{"rendered":"<p>Comprometidos con tu Crecimiento y \u00c9xito Mensaje de prueba En [Nombre de tu Call Center], somos un equipo de especialistas en atenci\u00f3n al cliente, ventas y estrategias comerciales. Nuestra misi\u00f3n es ayudar a empresas a mejorar su comunicaci\u00f3n con clientes, aumentar sus ventas y optimizar su servicio de atenci\u00f3n. Con tecnolog\u00eda avanzada y un enfoque [&hellip;]<\/p>\n","protected":false},"author":1,"featured_media":0,"parent":0,"menu_order":0,"comment_status":"closed","ping_status":"closed","template":"elementor_header_footer","meta":{"footnotes":""},"class_list":["post-666","page","type-page","status-publish","hentry"],"yoast_head":"<!-- This site is optimized with the Yoast SEO plugin v24.7 - https:\/\/yoast.com\/wordpress\/plugins\/seo\/ -->\n<title>Nosotros - My Website<\/title>\n<meta name=\"robots\" content=\"index, follow, max-snippet:-1, max-image-preview:large, max-video-preview:-1\" \/>\n<link rel=\"canonical\" href=\"https:\/\/serdirec.com\/?page_id=666\" \/>\n<meta property=\"og:locale\" content=\"es_ES\" \/>\n<meta property=\"og:type\" content=\"article\" \/>\n<meta property=\"og:title\" content=\"Nosotros - My Website\" \/>\n<meta property=\"og:description\" content=\"Comprometidos con tu Crecimiento y \u00c9xito Mensaje de prueba En [Nombre de tu Call Center], somos un equipo de especialistas en atenci\u00f3n al cliente, ventas y estrategias comerciales. Nuestra misi\u00f3n es ayudar a empresas a mejorar su comunicaci\u00f3n con clientes, aumentar sus ventas y optimizar su servicio de atenci\u00f3n. Con tecnolog\u00eda avanzada y un enfoque [&hellip;]\" \/>\n<meta property=\"og:url\" content=\"https:\/\/serdirec.com\/?page_id=666\" \/>\n<meta property=\"og:site_name\" content=\"My Website\" \/>\n<meta property=\"article:modified_time\" content=\"2025-04-25T17:17:53+00:00\" \/>\n<meta property=\"og:image\" content=\"https:\/\/web01.sportbetec.com\/wp-content\/uploads\/2025\/03\/Comprometidos-con-tu-crecimiento-y-extio.jpg\" \/>\n<meta name=\"twitter:card\" content=\"summary_large_image\" \/>\n<meta name=\"twitter:label1\" content=\"Tiempo de lectura\" \/>\n\t<meta name=\"twitter:data1\" content=\"4 minutos\" \/>\n<script type=\"application\/ld+json\" class=\"yoast-schema-graph\">{\"@context\":\"https:\/\/schema.org\",\"@graph\":[{\"@type\":\"WebPage\",\"@id\":\"https:\/\/serdirec.com\/?page_id=666\",\"url\":\"https:\/\/serdirec.com\/?page_id=666\",\"name\":\"Nosotros - My Website\",\"isPartOf\":{\"@id\":\"https:\/\/serdirec.com\/#website\"},\"primaryImageOfPage\":{\"@id\":\"https:\/\/serdirec.com\/?page_id=666#primaryimage\"},\"image\":{\"@id\":\"https:\/\/serdirec.com\/?page_id=666#primaryimage\"},\"thumbnailUrl\":\"https:\/\/web01.sportbetec.com\/wp-content\/uploads\/2025\/03\/Comprometidos-con-tu-crecimiento-y-extio.jpg\",\"datePublished\":\"2021-08-29T16:49:25+00:00\",\"dateModified\":\"2025-04-25T17:17:53+00:00\",\"breadcrumb\":{\"@id\":\"https:\/\/serdirec.com\/?page_id=666#breadcrumb\"},\"inLanguage\":\"es\",\"potentialAction\":[{\"@type\":\"ReadAction\",\"target\":[\"https:\/\/serdirec.com\/?page_id=666\"]}]},{\"@type\":\"ImageObject\",\"inLanguage\":\"es\",\"@id\":\"https:\/\/serdirec.com\/?page_id=666#primaryimage\",\"url\":\"https:\/\/web01.sportbetec.com\/wp-content\/uploads\/2025\/03\/Comprometidos-con-tu-crecimiento-y-extio.jpg\",\"contentUrl\":\"https:\/\/web01.sportbetec.com\/wp-content\/uploads\/2025\/03\/Comprometidos-con-tu-crecimiento-y-extio.jpg\"},{\"@type\":\"BreadcrumbList\",\"@id\":\"https:\/\/serdirec.com\/?page_id=666#breadcrumb\",\"itemListElement\":[{\"@type\":\"ListItem\",\"position\":1,\"name\":\"Portada\",\"item\":\"https:\/\/serdirec.com\/\"},{\"@type\":\"ListItem\",\"position\":2,\"name\":\"Nosotros\"}]},{\"@type\":\"WebSite\",\"@id\":\"https:\/\/serdirec.com\/#website\",\"url\":\"https:\/\/serdirec.com\/\",\"name\":\"My Website\",\"description\":\"\",\"publisher\":{\"@id\":\"https:\/\/serdirec.com\/#organization\"},\"potentialAction\":[{\"@type\":\"SearchAction\",\"target\":{\"@type\":\"EntryPoint\",\"urlTemplate\":\"https:\/\/serdirec.com\/?s={search_term_string}\"},\"query-input\":{\"@type\":\"PropertyValueSpecification\",\"valueRequired\":true,\"valueName\":\"search_term_string\"}}],\"inLanguage\":\"es\"},{\"@type\":\"Organization\",\"@id\":\"https:\/\/serdirec.com\/#organization\",\"name\":\"My Website\",\"url\":\"https:\/\/serdirec.com\/\",\"logo\":{\"@type\":\"ImageObject\",\"inLanguage\":\"es\",\"@id\":\"https:\/\/serdirec.com\/#\/schema\/logo\/image\/\",\"url\":\"https:\/\/serdirec.com\/wp-content\/uploads\/2025\/03\/cropped-cropped-Logo-blanco.png\",\"contentUrl\":\"https:\/\/serdirec.com\/wp-content\/uploads\/2025\/03\/cropped-cropped-Logo-blanco.png\",\"width\":842,\"height\":233,\"caption\":\"My Website\"},\"image\":{\"@id\":\"https:\/\/serdirec.com\/#\/schema\/logo\/image\/\"}}]}<\/script>\n<!-- \/ Yoast SEO plugin. -->","yoast_head_json":{"title":"Nosotros - My Website","robots":{"index":"index","follow":"follow","max-snippet":"max-snippet:-1","max-image-preview":"max-image-preview:large","max-video-preview":"max-video-preview:-1"},"canonical":"https:\/\/serdirec.com\/?page_id=666","og_locale":"es_ES","og_type":"article","og_title":"Nosotros - My Website","og_description":"Comprometidos con tu Crecimiento y \u00c9xito Mensaje de prueba En [Nombre de tu Call Center], somos un equipo de especialistas en atenci\u00f3n al cliente, ventas y estrategias comerciales. Nuestra misi\u00f3n es ayudar a empresas a mejorar su comunicaci\u00f3n con clientes, aumentar sus ventas y optimizar su servicio de atenci\u00f3n. Con tecnolog\u00eda avanzada y un enfoque [&hellip;]","og_url":"https:\/\/serdirec.com\/?page_id=666","og_site_name":"My Website","article_modified_time":"2025-04-25T17:17:53+00:00","og_image":[{"url":"https:\/\/web01.sportbetec.com\/wp-content\/uploads\/2025\/03\/Comprometidos-con-tu-crecimiento-y-extio.jpg","type":"","width":"","height":""}],"twitter_card":"summary_large_image","twitter_misc":{"Tiempo de lectura":"4 minutos"},"schema":{"@context":"https:\/\/schema.org","@graph":[{"@type":"WebPage","@id":"https:\/\/serdirec.com\/?page_id=666","url":"https:\/\/serdirec.com\/?page_id=666","name":"Nosotros - My Website","isPartOf":{"@id":"https:\/\/serdirec.com\/#website"},"primaryImageOfPage":{"@id":"https:\/\/serdirec.com\/?page_id=666#primaryimage"},"image":{"@id":"https:\/\/serdirec.com\/?page_id=666#primaryimage"},"thumbnailUrl":"https:\/\/web01.sportbetec.com\/wp-content\/uploads\/2025\/03\/Comprometidos-con-tu-crecimiento-y-extio.jpg","datePublished":"2021-08-29T16:49:25+00:00","dateModified":"2025-04-25T17:17:53+00:00","breadcrumb":{"@id":"https:\/\/serdirec.com\/?page_id=666#breadcrumb"},"inLanguage":"es","potentialAction":[{"@type":"ReadAction","target":["https:\/\/serdirec.com\/?page_id=666"]}]},{"@type":"ImageObject","inLanguage":"es","@id":"https:\/\/serdirec.com\/?page_id=666#primaryimage","url":"https:\/\/web01.sportbetec.com\/wp-content\/uploads\/2025\/03\/Comprometidos-con-tu-crecimiento-y-extio.jpg","contentUrl":"https:\/\/web01.sportbetec.com\/wp-content\/uploads\/2025\/03\/Comprometidos-con-tu-crecimiento-y-extio.jpg"},{"@type":"BreadcrumbList","@id":"https:\/\/serdirec.com\/?page_id=666#breadcrumb","itemListElement":[{"@type":"ListItem","position":1,"name":"Portada","item":"https:\/\/serdirec.com\/"},{"@type":"ListItem","position":2,"name":"Nosotros"}]},{"@type":"WebSite","@id":"https:\/\/serdirec.com\/#website","url":"https:\/\/serdirec.com\/","name":"My Website","description":"","publisher":{"@id":"https:\/\/serdirec.com\/#organization"},"potentialAction":[{"@type":"SearchAction","target":{"@type":"EntryPoint","urlTemplate":"https:\/\/serdirec.com\/?s={search_term_string}"},"query-input":{"@type":"PropertyValueSpecification","valueRequired":true,"valueName":"search_term_string"}}],"inLanguage":"es"},{"@type":"Organization","@id":"https:\/\/serdirec.com\/#organization","name":"My Website","url":"https:\/\/serdirec.com\/","logo":{"@type":"ImageObject","inLanguage":"es","@id":"https:\/\/serdirec.com\/#\/schema\/logo\/image\/","url":"https:\/\/serdirec.com\/wp-content\/uploads\/2025\/03\/cropped-cropped-Logo-blanco.png","contentUrl":"https:\/\/serdirec.com\/wp-content\/uploads\/2025\/03\/cropped-cropped-Logo-blanco.png","width":842,"height":233,"caption":"My Website"},"image":{"@id":"https:\/\/serdirec.com\/#\/schema\/logo\/image\/"}}]}},"_links":{"self":[{"href":"https:\/\/serdirec.com\/index.php?rest_route=\/wp\/v2\/pages\/666","targetHints":{"allow":["GET"]}}],"collection":[{"href":"https:\/\/serdirec.com\/index.php?rest_route=\/wp\/v2\/pages"}],"about":[{"href":"https:\/\/serdirec.com\/index.php?rest_route=\/wp\/v2\/types\/page"}],"author":[{"embeddable":true,"href":"https:\/\/serdirec.com\/index.php?rest_route=\/wp\/v2\/users\/1"}],"replies":[{"embeddable":true,"href":"https:\/\/serdirec.com\/index.php?rest_route=%2Fwp%2Fv2%2Fcomments&post=666"}],"version-history":[{"count":38,"href":"https:\/\/serdirec.com\/index.php?rest_route=\/wp\/v2\/pages\/666\/revisions"}],"predecessor-version":[{"id":1084,"href":"https:\/\/serdirec.com\/index.php?rest_route=\/wp\/v2\/pages\/666\/revisions\/1084"}],"wp:attachment":[{"href":"https:\/\/serdirec.com\/index.php?rest_route=%2Fwp%2Fv2%2Fmedia&parent=666"}],"curies":[{"name":"wp","href":"https:\/\/api.w.org\/{rel}","templated":true}]}}