{"id":673,"date":"2021-08-29T16:59:16","date_gmt":"2021-08-29T16:59:16","guid":{"rendered":"http:\/\/aivonswp.pixydrops.com\/?page_id=40"},"modified":"2025-04-25T17:25:19","modified_gmt":"2025-04-25T17:25:19","slug":"contact","status":"publish","type":"page","link":"https:\/\/serdirec.com\/?page_id=673","title":{"rendered":"Contacto"},"content":{"rendered":"\t\t<div data-elementor-type=\"wp-page\" data-elementor-id=\"673\" class=\"elementor elementor-673\">\n\t\t\t\t<div class=\"elementor-element elementor-element-906bb6a e-con-full e-flex e-con e-parent\" data-id=\"906bb6a\" data-element_type=\"container\" data-settings=\"{&quot;background_background&quot;:&quot;classic&quot;}\">\n\t\t<div class=\"elementor-element elementor-element-d92eb4b e-con-full e-flex e-con e-child\" data-id=\"d92eb4b\" data-element_type=\"container\">\n\t\t\t\t<div class=\"elementor-element elementor-element-a3652bd elementor-widget elementor-widget-heading\" data-id=\"a3652bd\" data-element_type=\"widget\" data-widget_type=\"heading.default\">\n\t\t\t\t<div class=\"elementor-widget-container\">\n\t\t\t\t\t<h2 class=\"elementor-heading-title elementor-size-default\">Formulario de Contacto\n<\/h2>\t\t\t\t<\/div>\n\t\t\t\t<\/div>\n\t\t\t\t<div class=\"elementor-element elementor-element-3e979e8 elementor-widget elementor-widget-text-editor\" data-id=\"3e979e8\" data-element_type=\"widget\" data-widget_type=\"text-editor.default\">\n\t\t\t\t<div class=\"elementor-widget-container\">\n\t\t\t\t\t\t\t\t\t<p>Completa el formulario y nuestro equipo especializado te contactar\u00e1 para brindarte una asesor\u00eda personalizada.<\/p>\t\t\t\t\t\t\t\t<\/div>\n\t\t\t\t<\/div>\n\t\t\t\t<div class=\"elementor-element elementor-element-1896130 elementor-widget elementor-widget-wpforms\" data-id=\"1896130\" data-element_type=\"widget\" data-widget_type=\"wpforms.default\">\n\t\t\t\t<div class=\"elementor-widget-container\">\n\t\t\t\t\t<div class=\"wpforms-container wpforms-container-full\" id=\"wpforms-862\"><form id=\"wpforms-form-862\" class=\"wpforms-validate wpforms-form wpforms-ajax-form\" data-formid=\"862\" method=\"post\" enctype=\"multipart\/form-data\" action=\"\/index.php?rest_route=%2Fwp%2Fv2%2Fpages%2F673\" data-token=\"df61390b27d126a77b8dc77f39098f3b\"><noscript class=\"wpforms-error-noscript\">Por favor, activa JavaScript en tu navegador para completar este formulario.<\/noscript><div class=\"wpforms-field-container\"><div id=\"wpforms-862-field_0-container\" class=\"wpforms-field wpforms-field-name\" data-field-id=\"0\"><label class=\"wpforms-field-label\" for=\"wpforms-862-field_0\">Nombre y Apellido <span class=\"wpforms-required-label\">*<\/span><\/label><input type=\"text\" id=\"wpforms-862-field_0\" class=\"wpforms-field-large wpforms-field-required\" name=\"wpforms[fields][0]\" required><\/div><div id=\"wpforms-862-field_1-container\" class=\"wpforms-field wpforms-field-email\" data-field-id=\"1\"><label class=\"wpforms-field-label\" for=\"wpforms-862-field_1\">Correo electr\u00f3nico <span class=\"wpforms-required-label\">*<\/span><\/label><input type=\"email\" id=\"wpforms-862-field_1\" class=\"wpforms-field-large wpforms-field-required\" name=\"wpforms[fields][1]\" required><\/div><div id=\"wpforms-862-field_3-container\" class=\"wpforms-field wpforms-field-phone\" data-field-id=\"3\"><label class=\"wpforms-field-label\" for=\"wpforms-862-field_3\">Tel\u00e9fono<\/label><input type=\"tel\" id=\"wpforms-862-field_3\" class=\"wpforms-field-large wpforms-smart-phone-field\" data-rule-smart-phone-field=\"true\" name=\"wpforms[fields][3]\" ><\/div><div id=\"wpforms-862-field_2-container\" class=\"wpforms-field wpforms-field-textarea\" data-field-id=\"2\"><label class=\"wpforms-field-label\" for=\"wpforms-862-field_2\">Escribe tus comentarios <\/label><textarea id=\"wpforms-862-field_2\" class=\"wpforms-field-medium\" name=\"wpforms[fields][2]\" ><\/textarea><\/div><\/div><div class=\"wpforms-submit-container\"><input type=\"hidden\" name=\"wpforms[id]\" value=\"862\"><input type=\"hidden\" name=\"wpforms[author]\" value=\"1\"><button type=\"submit\" name=\"wpforms[submit]\" id=\"wpforms-submit-862\" class=\"wpforms-submit\" data-alt-text=\"Enviando...\" data-submit-text=\"Enviar\" aria-live=\"assertive\" value=\"wpforms-submit\">Enviar<\/button><img decoding=\"async\" src=\"https:\/\/serdirec.com\/wp-content\/plugins\/wpforms\/assets\/images\/submit-spin.svg\" class=\"wpforms-submit-spinner\" style=\"display: none;\" width=\"26\" height=\"26\" alt=\"Cargando\"><\/div><\/form><\/div>  <!-- .wpforms-container -->\t\t\t\t<\/div>\n\t\t\t\t<\/div>\n\t\t\t\t<\/div>\n\t\t<div class=\"elementor-element elementor-element-c3e029c e-con-full e-flex e-con e-child\" data-id=\"c3e029c\" data-element_type=\"container\">\n\t\t\t\t<div class=\"elementor-element elementor-element-e33c413 elementor-widget elementor-widget-image\" data-id=\"e33c413\" data-element_type=\"widget\" data-widget_type=\"image.default\">\n\t\t\t\t<div class=\"elementor-widget-container\">\n\t\t\t\t\t\t\t\t\t\t\t\t\t\t\t<img fetchpriority=\"high\" decoding=\"async\" width=\"507\" height=\"677\" src=\"https:\/\/serdirec.com\/wp-content\/uploads\/2025\/03\/Comprometidos-con-tu-crecimiento-y-extio.jpg\" class=\"attachment-large size-large wp-image-833\" alt=\"\" srcset=\"https:\/\/serdirec.com\/wp-content\/uploads\/2025\/03\/Comprometidos-con-tu-crecimiento-y-extio.jpg 507w, https:\/\/serdirec.com\/wp-content\/uploads\/2025\/03\/Comprometidos-con-tu-crecimiento-y-extio-225x300.jpg 225w\" sizes=\"(max-width: 507px) 100vw, 507px\" \/>\t\t\t\t\t\t\t\t\t\t\t\t\t\t\t<\/div>\n\t\t\t\t<\/div>\n\t\t\t\t<\/div>\n\t\t\t\t<\/div>\n\t\t\t\t<section class=\"elementor-section elementor-top-section elementor-element elementor-element-6026aa7 elementor-section-full_width elementor-section-height-default elementor-section-height-default\" data-id=\"6026aa7\" data-element_type=\"section\">\n\t\t\t\t\t\t<div class=\"elementor-container elementor-column-gap-no\">\n\t\t\t\t\t<div class=\"elementor-column elementor-col-100 elementor-top-column elementor-element elementor-element-3b8038c\" data-id=\"3b8038c\" data-element_type=\"column\">\n\t\t\t<div class=\"elementor-widget-wrap elementor-element-populated\">\n\t\t\t\t\t\t<div class=\"elementor-element elementor-element-18f619e elementor-widget elementor-widget-aivons-info-box\" data-id=\"18f619e\" data-element_type=\"widget\" data-widget_type=\"aivons-info-box.default\">\n\t\t\t\t<div class=\"elementor-widget-container\">\n\t\t\t\t\t    <!--Locations Start-->\r\n    <section class=\"locations\">\r\n        <div class=\"container\">\r\n            <div class=\"location__inner\">\r\n                                    <div class=\"section-title text-center\">\r\n                                                    <h2 class=\"section-title__title\">Datos de contacto<\/h2>\r\n                                                                            <span class=\"section-title__tagline\">Vis\u00edtanos o comun\u00edcate con nosotros para encontrar la mejor soluci\u00f3n para tu negocio.<\/span>\r\n                                            <\/div>\r\n                                <div class=\"row\">\r\n                                                                        <div class=\"col-xl-3 col-lg-6 col-md-6 wow fadeInUp\" data-wow-delay=\"0ms\">\r\n                                <!--Locations Single-->\r\n                                <div class=\"locations__single\">\r\n                                    <h3 class=\"locations__title\">Direcci\u00f3n<\/h3>\r\n                                    <p class=\"locations__text\">Dur\u00e1n<\/p>\r\n                                    <h4 class=\"locations__mail-phone-box\">\r\n                                        <a href=\"Las Terrazas\" class=\"locations__mail\">Las Terrazas<\/a>\r\n                                        <a href=\"tel:\" class=\"locations__phone\"><\/a>\r\n                                    <\/h4>\r\n                                <\/div>\r\n                            <\/div>\r\n                                                <div class=\"col-xl-3 col-lg-6 col-md-6 wow fadeInUp\" data-wow-delay=\"0ms\">\r\n                                <!--Locations Single-->\r\n                                <div class=\"locations__single\">\r\n                                    <h3 class=\"locations__title\">Email<\/h3>\r\n                                    <p class=\"locations__text\">info@sportbetec.com<\/p>\r\n                                    <h4 class=\"locations__mail-phone-box\">\r\n                                        <a href=\"gestion@sportbetec.com\" class=\"locations__mail\">gestion@sportbetec.com<\/a>\r\n                                        <a href=\"tel:\" class=\"locations__phone\"><\/a>\r\n                                    <\/h4>\r\n                                <\/div>\r\n                            <\/div>\r\n                                                <div class=\"col-xl-3 col-lg-6 col-md-6 wow fadeInUp\" data-wow-delay=\"0ms\">\r\n                                <!--Locations Single-->\r\n                                <div class=\"locations__single\">\r\n                                    <h3 class=\"locations__title\">Tel\u00e9fono<\/h3>\r\n                                    <p class=\"locations__text\">0989292641<\/p>\r\n                                    <h4 class=\"locations__mail-phone-box\">\r\n                                        <a href=\"0989292641\" class=\"locations__mail\">0989292641<\/a>\r\n                                        <a href=\"tel:\" class=\"locations__phone\"><\/a>\r\n                                    <\/h4>\r\n                                <\/div>\r\n                            <\/div>\r\n                                                <div class=\"col-xl-3 col-lg-6 col-md-6 wow fadeInUp\" data-wow-delay=\"0ms\">\r\n                                <!--Locations Single-->\r\n                                <div class=\"locations__single\">\r\n                                    <h3 class=\"locations__title\">Atenci\u00f3n<\/h3>\r\n                                    <p class=\"locations__text\">Lunes a Viernes: 09h00 - 18h00<\/p>\r\n                                    <h4 class=\"locations__mail-phone-box\">\r\n                                        <a href=\"\" class=\"locations__mail\"><\/a>\r\n                                        <a href=\"tel:\" class=\"locations__phone\"><\/a>\r\n                                    <\/h4>\r\n                                <\/div>\r\n                            <\/div>\r\n                                    <\/div>\r\n            <\/div>\r\n        <\/div>\r\n    <\/section>\r\n    <!--Locations End-->\r\n\t\t\t\t<\/div>\n\t\t\t\t<\/div>\n\t\t\t\t\t<\/div>\n\t\t<\/div>\n\t\t\t\t\t<\/div>\n\t\t<\/section>\n\t\t\t\t<section class=\"elementor-section elementor-top-section elementor-element elementor-element-40b1fd7 elementor-section-full_width elementor-section-height-default elementor-section-height-default\" data-id=\"40b1fd7\" data-element_type=\"section\">\n\t\t\t\t\t\t<div class=\"elementor-container elementor-column-gap-no\">\n\t\t\t\t\t<div class=\"elementor-column elementor-col-100 elementor-top-column elementor-element elementor-element-26d612c\" data-id=\"26d612c\" data-element_type=\"column\">\n\t\t\t<div class=\"elementor-widget-wrap elementor-element-populated\">\n\t\t\t\t\t\t<div class=\"elementor-element elementor-element-1e1786a elementor-widget elementor-widget-google_maps\" data-id=\"1e1786a\" data-element_type=\"widget\" data-widget_type=\"google_maps.default\">\n\t\t\t\t<div class=\"elementor-widget-container\">\n\t\t\t\t\t\t\t<div class=\"elementor-custom-embed\">\n\t\t\t<iframe loading=\"lazy\"\n\t\t\t\t\tsrc=\"https:\/\/maps.google.com\/maps?q=Las%20Terrazas%2C%20duran&#038;t=m&#038;z=10&#038;output=embed&#038;iwloc=near\"\n\t\t\t\t\ttitle=\"Las Terrazas, duran\"\n\t\t\t\t\taria-label=\"Las Terrazas, duran\"\n\t\t\t><\/iframe>\n\t\t<\/div>\n\t\t\t\t\t\t<\/div>\n\t\t\t\t<\/div>\n\t\t\t\t\t<\/div>\n\t\t<\/div>\n\t\t\t\t\t<\/div>\n\t\t<\/section>\n\t\t\t\t<\/div>\n\t\t","protected":false},"excerpt":{"rendered":"<p>Formulario de Contacto Completa el formulario y nuestro equipo especializado te contactar\u00e1 para brindarte una asesor\u00eda personalizada. Datos de contacto Vis\u00edtanos o comun\u00edcate con nosotros para encontrar la mejor soluci\u00f3n para tu negocio. Direcci\u00f3n Dur\u00e1n Las Terrazas Email info@sportbetec.com gestion@sportbetec.com Tel\u00e9fono 0989292641 0989292641 Atenci\u00f3n Lunes a Viernes: 09h00 &#8211; 18h00<\/p>\n","protected":false},"author":1,"featured_media":0,"parent":0,"menu_order":0,"comment_status":"closed","ping_status":"closed","template":"elementor_header_footer","meta":{"footnotes":""},"class_list":["post-673","page","type-page","status-publish","hentry"],"yoast_head":"<!-- This site is optimized with the Yoast SEO plugin v24.7 - https:\/\/yoast.com\/wordpress\/plugins\/seo\/ -->\n<title>Contacto - My Website<\/title>\n<meta name=\"robots\" content=\"index, follow, max-snippet:-1, max-image-preview:large, max-video-preview:-1\" \/>\n<link rel=\"canonical\" href=\"https:\/\/serdirec.com\/?page_id=673\" \/>\n<meta property=\"og:locale\" content=\"es_ES\" \/>\n<meta property=\"og:type\" content=\"article\" \/>\n<meta property=\"og:title\" content=\"Contacto - My Website\" \/>\n<meta property=\"og:description\" content=\"Formulario de Contacto Completa el formulario y nuestro equipo especializado te contactar\u00e1 para brindarte una asesor\u00eda personalizada. Datos de contacto Vis\u00edtanos o comun\u00edcate con nosotros para encontrar la mejor soluci\u00f3n para tu negocio. Direcci\u00f3n Dur\u00e1n Las Terrazas Email info@sportbetec.com gestion@sportbetec.com Tel\u00e9fono 0989292641 0989292641 Atenci\u00f3n Lunes a Viernes: 09h00 &#8211; 18h00\" \/>\n<meta property=\"og:url\" content=\"https:\/\/serdirec.com\/?page_id=673\" \/>\n<meta property=\"og:site_name\" content=\"My Website\" \/>\n<meta property=\"article:modified_time\" content=\"2025-04-25T17:25:19+00:00\" \/>\n<meta property=\"og:image\" content=\"https:\/\/serdirec.com\/wp-content\/uploads\/2025\/03\/Comprometidos-con-tu-crecimiento-y-extio.jpg\" \/>\n<meta name=\"twitter:card\" content=\"summary_large_image\" \/>\n<meta name=\"twitter:label1\" content=\"Tiempo de lectura\" \/>\n\t<meta name=\"twitter:data1\" content=\"1 minuto\" \/>\n<script type=\"application\/ld+json\" class=\"yoast-schema-graph\">{\"@context\":\"https:\/\/schema.org\",\"@graph\":[{\"@type\":\"WebPage\",\"@id\":\"https:\/\/serdirec.com\/?page_id=673\",\"url\":\"https:\/\/serdirec.com\/?page_id=673\",\"name\":\"Contacto - My Website\",\"isPartOf\":{\"@id\":\"https:\/\/serdirec.com\/#website\"},\"primaryImageOfPage\":{\"@id\":\"https:\/\/serdirec.com\/?page_id=673#primaryimage\"},\"image\":{\"@id\":\"https:\/\/serdirec.com\/?page_id=673#primaryimage\"},\"thumbnailUrl\":\"https:\/\/serdirec.com\/wp-content\/uploads\/2025\/03\/Comprometidos-con-tu-crecimiento-y-extio.jpg\",\"datePublished\":\"2021-08-29T16:59:16+00:00\",\"dateModified\":\"2025-04-25T17:25:19+00:00\",\"breadcrumb\":{\"@id\":\"https:\/\/serdirec.com\/?page_id=673#breadcrumb\"},\"inLanguage\":\"es\",\"potentialAction\":[{\"@type\":\"ReadAction\",\"target\":[\"https:\/\/serdirec.com\/?page_id=673\"]}]},{\"@type\":\"ImageObject\",\"inLanguage\":\"es\",\"@id\":\"https:\/\/serdirec.com\/?page_id=673#primaryimage\",\"url\":\"https:\/\/serdirec.com\/wp-content\/uploads\/2025\/03\/Comprometidos-con-tu-crecimiento-y-extio.jpg\",\"contentUrl\":\"https:\/\/serdirec.com\/wp-content\/uploads\/2025\/03\/Comprometidos-con-tu-crecimiento-y-extio.jpg\",\"width\":507,\"height\":677},{\"@type\":\"BreadcrumbList\",\"@id\":\"https:\/\/serdirec.com\/?page_id=673#breadcrumb\",\"itemListElement\":[{\"@type\":\"ListItem\",\"position\":1,\"name\":\"Portada\",\"item\":\"https:\/\/serdirec.com\/\"},{\"@type\":\"ListItem\",\"position\":2,\"name\":\"Contacto\"}]},{\"@type\":\"WebSite\",\"@id\":\"https:\/\/serdirec.com\/#website\",\"url\":\"https:\/\/serdirec.com\/\",\"name\":\"My Website\",\"description\":\"\",\"publisher\":{\"@id\":\"https:\/\/serdirec.com\/#organization\"},\"potentialAction\":[{\"@type\":\"SearchAction\",\"target\":{\"@type\":\"EntryPoint\",\"urlTemplate\":\"https:\/\/serdirec.com\/?s={search_term_string}\"},\"query-input\":{\"@type\":\"PropertyValueSpecification\",\"valueRequired\":true,\"valueName\":\"search_term_string\"}}],\"inLanguage\":\"es\"},{\"@type\":\"Organization\",\"@id\":\"https:\/\/serdirec.com\/#organization\",\"name\":\"My Website\",\"url\":\"https:\/\/serdirec.com\/\",\"logo\":{\"@type\":\"ImageObject\",\"inLanguage\":\"es\",\"@id\":\"https:\/\/serdirec.com\/#\/schema\/logo\/image\/\",\"url\":\"https:\/\/serdirec.com\/wp-content\/uploads\/2025\/03\/cropped-cropped-Logo-blanco.png\",\"contentUrl\":\"https:\/\/serdirec.com\/wp-content\/uploads\/2025\/03\/cropped-cropped-Logo-blanco.png\",\"width\":842,\"height\":233,\"caption\":\"My Website\"},\"image\":{\"@id\":\"https:\/\/serdirec.com\/#\/schema\/logo\/image\/\"}}]}<\/script>\n<!-- \/ Yoast SEO plugin. -->","yoast_head_json":{"title":"Contacto - My Website","robots":{"index":"index","follow":"follow","max-snippet":"max-snippet:-1","max-image-preview":"max-image-preview:large","max-video-preview":"max-video-preview:-1"},"canonical":"https:\/\/serdirec.com\/?page_id=673","og_locale":"es_ES","og_type":"article","og_title":"Contacto - My Website","og_description":"Formulario de Contacto Completa el formulario y nuestro equipo especializado te contactar\u00e1 para brindarte una asesor\u00eda personalizada. Datos de contacto Vis\u00edtanos o comun\u00edcate con nosotros para encontrar la mejor soluci\u00f3n para tu negocio. Direcci\u00f3n Dur\u00e1n Las Terrazas Email info@sportbetec.com gestion@sportbetec.com Tel\u00e9fono 0989292641 0989292641 Atenci\u00f3n Lunes a Viernes: 09h00 &#8211; 18h00","og_url":"https:\/\/serdirec.com\/?page_id=673","og_site_name":"My Website","article_modified_time":"2025-04-25T17:25:19+00:00","og_image":[{"url":"https:\/\/serdirec.com\/wp-content\/uploads\/2025\/03\/Comprometidos-con-tu-crecimiento-y-extio.jpg","type":"","width":"","height":""}],"twitter_card":"summary_large_image","twitter_misc":{"Tiempo de lectura":"1 minuto"},"schema":{"@context":"https:\/\/schema.org","@graph":[{"@type":"WebPage","@id":"https:\/\/serdirec.com\/?page_id=673","url":"https:\/\/serdirec.com\/?page_id=673","name":"Contacto - My Website","isPartOf":{"@id":"https:\/\/serdirec.com\/#website"},"primaryImageOfPage":{"@id":"https:\/\/serdirec.com\/?page_id=673#primaryimage"},"image":{"@id":"https:\/\/serdirec.com\/?page_id=673#primaryimage"},"thumbnailUrl":"https:\/\/serdirec.com\/wp-content\/uploads\/2025\/03\/Comprometidos-con-tu-crecimiento-y-extio.jpg","datePublished":"2021-08-29T16:59:16+00:00","dateModified":"2025-04-25T17:25:19+00:00","breadcrumb":{"@id":"https:\/\/serdirec.com\/?page_id=673#breadcrumb"},"inLanguage":"es","potentialAction":[{"@type":"ReadAction","target":["https:\/\/serdirec.com\/?page_id=673"]}]},{"@type":"ImageObject","inLanguage":"es","@id":"https:\/\/serdirec.com\/?page_id=673#primaryimage","url":"https:\/\/serdirec.com\/wp-content\/uploads\/2025\/03\/Comprometidos-con-tu-crecimiento-y-extio.jpg","contentUrl":"https:\/\/serdirec.com\/wp-content\/uploads\/2025\/03\/Comprometidos-con-tu-crecimiento-y-extio.jpg","width":507,"height":677},{"@type":"BreadcrumbList","@id":"https:\/\/serdirec.com\/?page_id=673#breadcrumb","itemListElement":[{"@type":"ListItem","position":1,"name":"Portada","item":"https:\/\/serdirec.com\/"},{"@type":"ListItem","position":2,"name":"Contacto"}]},{"@type":"WebSite","@id":"https:\/\/serdirec.com\/#website","url":"https:\/\/serdirec.com\/","name":"My Website","description":"","publisher":{"@id":"https:\/\/serdirec.com\/#organization"},"potentialAction":[{"@type":"SearchAction","target":{"@type":"EntryPoint","urlTemplate":"https:\/\/serdirec.com\/?s={search_term_string}"},"query-input":{"@type":"PropertyValueSpecification","valueRequired":true,"valueName":"search_term_string"}}],"inLanguage":"es"},{"@type":"Organization","@id":"https:\/\/serdirec.com\/#organization","name":"My Website","url":"https:\/\/serdirec.com\/","logo":{"@type":"ImageObject","inLanguage":"es","@id":"https:\/\/serdirec.com\/#\/schema\/logo\/image\/","url":"https:\/\/serdirec.com\/wp-content\/uploads\/2025\/03\/cropped-cropped-Logo-blanco.png","contentUrl":"https:\/\/serdirec.com\/wp-content\/uploads\/2025\/03\/cropped-cropped-Logo-blanco.png","width":842,"height":233,"caption":"My Website"},"image":{"@id":"https:\/\/serdirec.com\/#\/schema\/logo\/image\/"}}]}},"_links":{"self":[{"href":"https:\/\/serdirec.com\/index.php?rest_route=\/wp\/v2\/pages\/673","targetHints":{"allow":["GET"]}}],"collection":[{"href":"https:\/\/serdirec.com\/index.php?rest_route=\/wp\/v2\/pages"}],"about":[{"href":"https:\/\/serdirec.com\/index.php?rest_route=\/wp\/v2\/types\/page"}],"author":[{"embeddable":true,"href":"https:\/\/serdirec.com\/index.php?rest_route=\/wp\/v2\/users\/1"}],"replies":[{"embeddable":true,"href":"https:\/\/serdirec.com\/index.php?rest_route=%2Fwp%2Fv2%2Fcomments&post=673"}],"version-history":[{"count":16,"href":"https:\/\/serdirec.com\/index.php?rest_route=\/wp\/v2\/pages\/673\/revisions"}],"predecessor-version":[{"id":1090,"href":"https:\/\/serdirec.com\/index.php?rest_route=\/wp\/v2\/pages\/673\/revisions\/1090"}],"wp:attachment":[{"href":"https:\/\/serdirec.com\/index.php?rest_route=%2Fwp%2Fv2%2Fmedia&parent=673"}],"curies":[{"name":"wp","href":"https:\/\/api.w.org\/{rel}","templated":true}]}}